{"id":1934,"date":"2019-05-14T13:13:14","date_gmt":"2019-05-14T11:13:14","guid":{"rendered":"https:\/\/palazzocarafadellaspina.it\/camere\/"},"modified":"2019-07-23T18:13:19","modified_gmt":"2019-07-23T16:13:19","slug":"habitaciones","status":"publish","type":"page","link":"https:\/\/palazzocarafadellaspina.it\/es\/habitaciones\/","title":{"rendered":"Habitaciones"},"content":{"rendered":"<p>[vc_row][vc_column][vc_column_text]<\/p>\n<h1 style=\"text-align: center;\">HABITACIONES B&amp;B PALAZZO CARAFA DELLA SPINA<\/h1>\n<p style=\"text-align: center;\">Nuestra estructura tiene tres habitaciones en B&amp;B: dos habitaciones cu\u00e1druples y una habitaci\u00f3n doble.<\/p>\n<p>[\/vc_column_text][\/vc_column][\/vc_row][vc_row gap=\u00bb35&#8243; equal_height=\u00bbyes\u00bb el_id=\u00bbrow-stanze\u00bb][vc_column width=\u00bb1\/3&#8243; css=\u00bb.vc_custom_1558106699226{margin-top: 20px !important;margin-right: 0px !important;margin-bottom: 0px !important;margin-left: 0px !important;padding-top: 10px !important;padding-right: 10px !important;padding-bottom: 10px !important;padding-left: 10px !important;background-color: #ffffff !important;}\u00bb][vc_column_text css=\u00bb.vc_custom_1563889884341{margin-top: 0px !important;}\u00bb]<\/p>\n<div class=\"scheda-camere\">\n<div class=\"img-camere\"><a title=\"Habitaci\u00f3n Vesuvio\" href=\"https:\/\/palazzocarafadellaspina.it\/es\/habitaciones\/habitacion-vesuvio\/\"><img decoding=\"async\" class=\"alignnone size-medium wp-image-242\" src=\"https:\/\/palazzocarafadellaspina.it\/wp-content\/uploads\/2019\/05\/stanze-1-300x200.jpg\" alt=\"Habitaci\u00f3n Vesuvio\" width=\"100%\" height=\"100%\" srcset=\"https:\/\/palazzocarafadellaspina.it\/wp-content\/uploads\/2019\/05\/stanze-1-300x200.jpg 300w, https:\/\/palazzocarafadellaspina.it\/wp-content\/uploads\/2019\/05\/stanze-1-768x512.jpg 768w, https:\/\/palazzocarafadellaspina.it\/wp-content\/uploads\/2019\/05\/stanze-1-1024x682.jpg 1024w, https:\/\/palazzocarafadellaspina.it\/wp-content\/uploads\/2019\/05\/stanze-1-600x400.jpg 600w, https:\/\/palazzocarafadellaspina.it\/wp-content\/uploads\/2019\/05\/stanze-1.jpg 2000w\" sizes=\"(max-width: 300px) 100vw, 300px\" \/><\/a><\/div>\n<div class=\"icone-camere\"><i class=\"fas fa-male\"><\/i> <i class=\"fas fa-female\"><\/i> 4 | <i class=\"fas fa-bed\"><\/i> 3 | 34 mc<\/div>\n<hr class=\"hr-camere\" \/>\n<div class=\"testo-camere\">\n<h3><a title=\"Habitaci\u00f3n Vesuvio\" href=\"https:\/\/palazzocarafadellaspina.it\/es\/habitaciones\/habitacion-vesuvio\/\"><strong>Habitaci\u00f3n Vesuvio<\/strong><\/a><\/h3>\n<p>Repartidas en dos niveles: en el primer nivel una habitaci\u00f3n doble con dos camas y un ba\u00f1o privado; en el segundo nivel dos camas <a title=\"Habitaci\u00f3n Vesuvio\" href=\"https:\/\/palazzocarafadellaspina.it\/es\/habitaciones\/habitacion-vesuvio\/\">Descubre m\u00e1s<\/a><\/p>\n<\/div>\n<\/div>\n<p>[\/vc_column_text][\/vc_column][vc_column width=\u00bb1\/3&#8243; css=\u00bb.vc_custom_1558106749339{margin-top: 20px !important;margin-right: 0px !important;margin-bottom: 0px !important;margin-left: 0px !important;padding-top: 10px !important;padding-right: 10px !important;padding-bottom: 10px !important;padding-left: 10px !important;background-color: #ffffff !important;}\u00bb][vc_column_text]<\/p>\n<div class=\"scheda-camere\">\n<div class=\"img-camere\"><a title=\"Habitaci\u00f3n Costiere\" href=\"https:\/\/palazzocarafadellaspina.it\/es\/habitaciones\/habitacion-costiere\/\"><img decoding=\"async\" class=\"wp-image-704 alignnone\" src=\"https:\/\/palazzocarafadellaspina.it\/wp-content\/uploads\/2019\/07\/040_PalazzoCarafa_Stanza_1-300x200.jpg\" alt=\"Habitaci\u00f3n Costiere\" width=\"100%\" height=\"100%\" srcset=\"https:\/\/palazzocarafadellaspina.it\/wp-content\/uploads\/2019\/07\/040_PalazzoCarafa_Stanza_1-300x200.jpg 300w, https:\/\/palazzocarafadellaspina.it\/wp-content\/uploads\/2019\/07\/040_PalazzoCarafa_Stanza_1-768x512.jpg 768w, https:\/\/palazzocarafadellaspina.it\/wp-content\/uploads\/2019\/07\/040_PalazzoCarafa_Stanza_1-1024x683.jpg 1024w, https:\/\/palazzocarafadellaspina.it\/wp-content\/uploads\/2019\/07\/040_PalazzoCarafa_Stanza_1-600x400.jpg 600w, https:\/\/palazzocarafadellaspina.it\/wp-content\/uploads\/2019\/07\/040_PalazzoCarafa_Stanza_1.jpg 1240w\" sizes=\"(max-width: 300px) 100vw, 300px\" \/><\/a><\/div>\n<div class=\"icone-camere\"><i class=\"fas fa-male\"><\/i> <i class=\"fas fa-female\"><\/i> 2 | <i class=\"fas fa-bed\"><\/i> 1 | 18 mc<\/div>\n<hr class=\"hr-camere\" \/>\n<div class=\"testo-camere\">\n<h3><a title=\"Habitaci\u00f3n Costiere\" href=\"https:\/\/palazzocarafadellaspina.it\/es\/habitaciones\/habitacion-costiere\/\"><strong>Habitaci\u00f3n Costiere<\/strong><\/a><\/h3>\n<p>Se compone de una habitaci\u00f3n doble con dos camas y un ba\u00f1o privado. <a title=\"Habitaci\u00f3n Costiere\" href=\"https:\/\/palazzocarafadellaspina.it\/es\/habitaciones\/habitacion-costiere\/\">Descubre m\u00e1s<\/a><\/p>\n<\/div>\n<\/div>\n<p>[\/vc_column_text][\/vc_column][vc_column width=\u00bb1\/3&#8243; css=\u00bb.vc_custom_1558106790691{margin-top: 20px !important;margin-right: 0px !important;margin-bottom: 0px !important;margin-left: 0px !important;padding-top: 10px !important;padding-right: 10px !important;padding-bottom: 10px !important;padding-left: 10px !important;background-color: #ffffff !important;}\u00bb][vc_column_text]<\/p>\n<div class=\"scheda-camere\">\n<div class=\"img-camere\"><a title=\"Habitaci\u00f3n Isole\" href=\"https:\/\/palazzocarafadellaspina.it\/es\/habitaciones\/habitacion-isole\/\"><img decoding=\"async\" class=\"wp-image-751 alignnone\" src=\"https:\/\/palazzocarafadellaspina.it\/wp-content\/uploads\/2019\/07\/056_PalazzoCarafa_Stanza_3-300x200.jpg\" alt=\"Habitaci\u00f3n Isole\" width=\"100%\" height=\"100%\" srcset=\"https:\/\/palazzocarafadellaspina.it\/wp-content\/uploads\/2019\/07\/056_PalazzoCarafa_Stanza_3-300x200.jpg 300w, https:\/\/palazzocarafadellaspina.it\/wp-content\/uploads\/2019\/07\/056_PalazzoCarafa_Stanza_3-768x512.jpg 768w, https:\/\/palazzocarafadellaspina.it\/wp-content\/uploads\/2019\/07\/056_PalazzoCarafa_Stanza_3-1024x683.jpg 1024w, https:\/\/palazzocarafadellaspina.it\/wp-content\/uploads\/2019\/07\/056_PalazzoCarafa_Stanza_3-600x400.jpg 600w, https:\/\/palazzocarafadellaspina.it\/wp-content\/uploads\/2019\/07\/056_PalazzoCarafa_Stanza_3.jpg 1240w\" sizes=\"(max-width: 300px) 100vw, 300px\" \/><\/a><\/div>\n<div class=\"icone-camere\"><i class=\"fas fa-male\"><\/i><i class=\"fas fa-female\"><\/i> 4 | <i class=\"fas fa-bed\"><\/i> 3 | 33 mc<\/div>\n<hr class=\"hr-camere\" \/>\n<div class=\"testo-camere\">\n<h3><a title=\"Habitaci\u00f3n Isole\" href=\"https:\/\/palazzocarafadellaspina.it\/es\/habitaciones\/habitacion-isole\/\"><strong>Habitaci\u00f3n Isole<\/strong><\/a><\/h3>\n<p>La c\u00e1mara Isole tiene dos niveles: en el primer nivel tenemos una habitaci\u00f3n doble con dos camas y un ba\u00f1o; En el segundo nivel hay dos camas y un ba\u00f1o de servicio. <a title=\"Habitaci\u00f3n Isole\" href=\"https:\/\/palazzocarafadellaspina.it\/es\/habitaciones\/habitacion-isole\/\">Descubre m\u00e1s<\/a><\/p>\n<\/div>\n<\/div>\n<p>[\/vc_column_text][\/vc_column][\/vc_row]<\/p>\n","protected":false},"excerpt":{"rendered":"<p>[vc_row][vc_column][vc_column_text] HABITACIONES B&amp;B PALAZZO CARAFA DELLA SPINA Nuestra estructura tiene tres habitaciones en B&amp;B: dos habitaciones cu\u00e1druples y una habitaci\u00f3n doble. [\/vc_column_text][\/vc_column][\/vc_row][vc_row gap=\u00bb35&#8243; equal_height=\u00bbyes\u00bb el_id=\u00bbrow-stanze\u00bb][vc_column width=\u00bb1\/3&#8243; css=\u00bb.vc_custom_1558106699226{margin-top: 20px !important;margin-right: 0px !important;margin-bottom: 0px !important;margin-left: 0px !important;padding-top: 10px !important;padding-right: 10px !important;padding-bottom: 10px !important;padding-left: 10px !important;background-color: #ffffff !important;}\u00bb][vc_column_text css=\u00bb.vc_custom_1563889884341{margin-top: 0px !important;}\u00bb] 4 | 3 | 34 mc Habitaci\u00f3n&hellip;<\/p>\n","protected":false},"author":1,"featured_media":0,"parent":0,"menu_order":0,"comment_status":"closed","ping_status":"closed","template":"","meta":{"footnotes":""},"class_list":["post-1934","page","type-page","status-publish","hentry","description-off"],"yoast_head":"<!-- This site is optimized with the Yoast SEO plugin v27.0 - https:\/\/yoast.com\/product\/yoast-seo-wordpress\/ -->\n<title>Habitaciones - Palazzo Carafa Della Spina<\/title>\n<meta name=\"robots\" content=\"index, follow, max-snippet:-1, max-image-preview:large, max-video-preview:-1\" \/>\n<link rel=\"canonical\" href=\"https:\/\/palazzocarafadellaspina.it\/es\/habitaciones\/\" \/>\n<meta property=\"og:locale\" content=\"es_ES\" \/>\n<meta property=\"og:type\" content=\"article\" \/>\n<meta property=\"og:title\" content=\"Habitaciones - Palazzo Carafa Della Spina\" \/>\n<meta property=\"og:description\" content=\"[vc_row][vc_column][vc_column_text] HABITACIONES B&amp;B PALAZZO CARAFA DELLA SPINA Nuestra estructura tiene tres habitaciones en B&amp;B: dos habitaciones cu\u00e1druples y una habitaci\u00f3n doble. [\/vc_column_text][\/vc_column][\/vc_row][vc_row gap=\u00bb35&#8243; equal_height=\u00bbyes\u00bb el_id=\u00bbrow-stanze\u00bb][vc_column width=\u00bb1\/3&#8243; css=\u00bb.vc_custom_1558106699226{margin-top: 20px !important;margin-right: 0px !important;margin-bottom: 0px !important;margin-left: 0px !important;padding-top: 10px !important;padding-right: 10px !important;padding-bottom: 10px !important;padding-left: 10px !important;background-color: #ffffff !important;}\u00bb][vc_column_text css=\u00bb.vc_custom_1563889884341{margin-top: 0px !important;}\u00bb] 4 | 3 | 34 mc Habitaci\u00f3n&hellip;\" \/>\n<meta property=\"og:url\" content=\"https:\/\/palazzocarafadellaspina.it\/es\/habitaciones\/\" \/>\n<meta property=\"og:site_name\" content=\"Palazzo Carafa Della Spina\" \/>\n<meta property=\"article:modified_time\" content=\"2019-07-23T16:13:19+00:00\" \/>\n<meta property=\"og:image\" content=\"https:\/\/palazzocarafadellaspina.it\/wp-content\/uploads\/2019\/05\/stanze-1-300x200.jpg\" \/>\n<meta name=\"twitter:card\" content=\"summary_large_image\" \/>\n<meta name=\"twitter:label1\" content=\"Tiempo de lectura\" \/>\n\t<meta name=\"twitter:data1\" content=\"1 minuto\" \/>\n<script type=\"application\/ld+json\" class=\"yoast-schema-graph\">{\"@context\":\"https:\/\/schema.org\",\"@graph\":[{\"@type\":\"WebPage\",\"@id\":\"https:\/\/palazzocarafadellaspina.it\/es\/habitaciones\/\",\"url\":\"https:\/\/palazzocarafadellaspina.it\/es\/habitaciones\/\",\"name\":\"Habitaciones - Palazzo Carafa Della Spina\",\"isPartOf\":{\"@id\":\"https:\/\/palazzocarafadellaspina.it\/es\/#website\"},\"primaryImageOfPage\":{\"@id\":\"https:\/\/palazzocarafadellaspina.it\/es\/habitaciones\/#primaryimage\"},\"image\":{\"@id\":\"https:\/\/palazzocarafadellaspina.it\/es\/habitaciones\/#primaryimage\"},\"thumbnailUrl\":\"https:\/\/palazzocarafadellaspina.it\/wp-content\/uploads\/2019\/05\/stanze-1-300x200.jpg\",\"datePublished\":\"2019-05-14T11:13:14+00:00\",\"dateModified\":\"2019-07-23T16:13:19+00:00\",\"breadcrumb\":{\"@id\":\"https:\/\/palazzocarafadellaspina.it\/es\/habitaciones\/#breadcrumb\"},\"inLanguage\":\"es\",\"potentialAction\":[{\"@type\":\"ReadAction\",\"target\":[\"https:\/\/palazzocarafadellaspina.it\/es\/habitaciones\/\"]}]},{\"@type\":\"ImageObject\",\"inLanguage\":\"es\",\"@id\":\"https:\/\/palazzocarafadellaspina.it\/es\/habitaciones\/#primaryimage\",\"url\":\"https:\/\/palazzocarafadellaspina.it\/wp-content\/uploads\/2019\/05\/stanze-1-300x200.jpg\",\"contentUrl\":\"https:\/\/palazzocarafadellaspina.it\/wp-content\/uploads\/2019\/05\/stanze-1-300x200.jpg\"},{\"@type\":\"BreadcrumbList\",\"@id\":\"https:\/\/palazzocarafadellaspina.it\/es\/habitaciones\/#breadcrumb\",\"itemListElement\":[{\"@type\":\"ListItem\",\"position\":1,\"name\":\"Home\",\"item\":\"https:\/\/palazzocarafadellaspina.it\/es\/\"},{\"@type\":\"ListItem\",\"position\":2,\"name\":\"Habitaciones\"}]},{\"@type\":\"WebSite\",\"@id\":\"https:\/\/palazzocarafadellaspina.it\/es\/#website\",\"url\":\"https:\/\/palazzocarafadellaspina.it\/es\/\",\"name\":\"Palazzo Carafa Della Spina\",\"description\":\"Palazzo Carafa della Spina. I tuoi ricordi preziosi.\",\"publisher\":{\"@id\":\"https:\/\/palazzocarafadellaspina.it\/es\/#organization\"},\"potentialAction\":[{\"@type\":\"SearchAction\",\"target\":{\"@type\":\"EntryPoint\",\"urlTemplate\":\"https:\/\/palazzocarafadellaspina.it\/es\/?s={search_term_string}\"},\"query-input\":{\"@type\":\"PropertyValueSpecification\",\"valueRequired\":true,\"valueName\":\"search_term_string\"}}],\"inLanguage\":\"es\"},{\"@type\":\"Organization\",\"@id\":\"https:\/\/palazzocarafadellaspina.it\/es\/#organization\",\"name\":\"Palazzo Carafa della Spina\",\"url\":\"https:\/\/palazzocarafadellaspina.it\/es\/\",\"logo\":{\"@type\":\"ImageObject\",\"inLanguage\":\"es\",\"@id\":\"https:\/\/palazzocarafadellaspina.it\/es\/#\/schema\/logo\/image\/\",\"url\":\"https:\/\/palazzocarafadellaspina.it\/wp-content\/uploads\/2019\/05\/logo-88-scuro.png\",\"contentUrl\":\"https:\/\/palazzocarafadellaspina.it\/wp-content\/uploads\/2019\/05\/logo-88-scuro.png\",\"width\":88,\"height\":88,\"caption\":\"Palazzo Carafa della Spina\"},\"image\":{\"@id\":\"https:\/\/palazzocarafadellaspina.it\/es\/#\/schema\/logo\/image\/\"}}]}<\/script>\n<!-- \/ Yoast SEO plugin. -->","yoast_head_json":{"title":"Habitaciones - Palazzo Carafa Della Spina","robots":{"index":"index","follow":"follow","max-snippet":"max-snippet:-1","max-image-preview":"max-image-preview:large","max-video-preview":"max-video-preview:-1"},"canonical":"https:\/\/palazzocarafadellaspina.it\/es\/habitaciones\/","og_locale":"es_ES","og_type":"article","og_title":"Habitaciones - Palazzo Carafa Della Spina","og_description":"[vc_row][vc_column][vc_column_text] HABITACIONES B&amp;B PALAZZO CARAFA DELLA SPINA Nuestra estructura tiene tres habitaciones en B&amp;B: dos habitaciones cu\u00e1druples y una habitaci\u00f3n doble. [\/vc_column_text][\/vc_column][\/vc_row][vc_row gap=\u00bb35&#8243; equal_height=\u00bbyes\u00bb el_id=\u00bbrow-stanze\u00bb][vc_column width=\u00bb1\/3&#8243; css=\u00bb.vc_custom_1558106699226{margin-top: 20px !important;margin-right: 0px !important;margin-bottom: 0px !important;margin-left: 0px !important;padding-top: 10px !important;padding-right: 10px !important;padding-bottom: 10px !important;padding-left: 10px !important;background-color: #ffffff !important;}\u00bb][vc_column_text css=\u00bb.vc_custom_1563889884341{margin-top: 0px !important;}\u00bb] 4 | 3 | 34 mc Habitaci\u00f3n&hellip;","og_url":"https:\/\/palazzocarafadellaspina.it\/es\/habitaciones\/","og_site_name":"Palazzo Carafa Della Spina","article_modified_time":"2019-07-23T16:13:19+00:00","og_image":[{"url":"https:\/\/palazzocarafadellaspina.it\/wp-content\/uploads\/2019\/05\/stanze-1-300x200.jpg","type":"","width":"","height":""}],"twitter_card":"summary_large_image","twitter_misc":{"Tiempo de lectura":"1 minuto"},"schema":{"@context":"https:\/\/schema.org","@graph":[{"@type":"WebPage","@id":"https:\/\/palazzocarafadellaspina.it\/es\/habitaciones\/","url":"https:\/\/palazzocarafadellaspina.it\/es\/habitaciones\/","name":"Habitaciones - Palazzo Carafa Della Spina","isPartOf":{"@id":"https:\/\/palazzocarafadellaspina.it\/es\/#website"},"primaryImageOfPage":{"@id":"https:\/\/palazzocarafadellaspina.it\/es\/habitaciones\/#primaryimage"},"image":{"@id":"https:\/\/palazzocarafadellaspina.it\/es\/habitaciones\/#primaryimage"},"thumbnailUrl":"https:\/\/palazzocarafadellaspina.it\/wp-content\/uploads\/2019\/05\/stanze-1-300x200.jpg","datePublished":"2019-05-14T11:13:14+00:00","dateModified":"2019-07-23T16:13:19+00:00","breadcrumb":{"@id":"https:\/\/palazzocarafadellaspina.it\/es\/habitaciones\/#breadcrumb"},"inLanguage":"es","potentialAction":[{"@type":"ReadAction","target":["https:\/\/palazzocarafadellaspina.it\/es\/habitaciones\/"]}]},{"@type":"ImageObject","inLanguage":"es","@id":"https:\/\/palazzocarafadellaspina.it\/es\/habitaciones\/#primaryimage","url":"https:\/\/palazzocarafadellaspina.it\/wp-content\/uploads\/2019\/05\/stanze-1-300x200.jpg","contentUrl":"https:\/\/palazzocarafadellaspina.it\/wp-content\/uploads\/2019\/05\/stanze-1-300x200.jpg"},{"@type":"BreadcrumbList","@id":"https:\/\/palazzocarafadellaspina.it\/es\/habitaciones\/#breadcrumb","itemListElement":[{"@type":"ListItem","position":1,"name":"Home","item":"https:\/\/palazzocarafadellaspina.it\/es\/"},{"@type":"ListItem","position":2,"name":"Habitaciones"}]},{"@type":"WebSite","@id":"https:\/\/palazzocarafadellaspina.it\/es\/#website","url":"https:\/\/palazzocarafadellaspina.it\/es\/","name":"Palazzo Carafa Della Spina","description":"Palazzo Carafa della Spina. I tuoi ricordi preziosi.","publisher":{"@id":"https:\/\/palazzocarafadellaspina.it\/es\/#organization"},"potentialAction":[{"@type":"SearchAction","target":{"@type":"EntryPoint","urlTemplate":"https:\/\/palazzocarafadellaspina.it\/es\/?s={search_term_string}"},"query-input":{"@type":"PropertyValueSpecification","valueRequired":true,"valueName":"search_term_string"}}],"inLanguage":"es"},{"@type":"Organization","@id":"https:\/\/palazzocarafadellaspina.it\/es\/#organization","name":"Palazzo Carafa della Spina","url":"https:\/\/palazzocarafadellaspina.it\/es\/","logo":{"@type":"ImageObject","inLanguage":"es","@id":"https:\/\/palazzocarafadellaspina.it\/es\/#\/schema\/logo\/image\/","url":"https:\/\/palazzocarafadellaspina.it\/wp-content\/uploads\/2019\/05\/logo-88-scuro.png","contentUrl":"https:\/\/palazzocarafadellaspina.it\/wp-content\/uploads\/2019\/05\/logo-88-scuro.png","width":88,"height":88,"caption":"Palazzo Carafa della Spina"},"image":{"@id":"https:\/\/palazzocarafadellaspina.it\/es\/#\/schema\/logo\/image\/"}}]}},"_links":{"self":[{"href":"https:\/\/palazzocarafadellaspina.it\/es\/wp-json\/wp\/v2\/pages\/1934","targetHints":{"allow":["GET"]}}],"collection":[{"href":"https:\/\/palazzocarafadellaspina.it\/es\/wp-json\/wp\/v2\/pages"}],"about":[{"href":"https:\/\/palazzocarafadellaspina.it\/es\/wp-json\/wp\/v2\/types\/page"}],"author":[{"embeddable":true,"href":"https:\/\/palazzocarafadellaspina.it\/es\/wp-json\/wp\/v2\/users\/1"}],"replies":[{"embeddable":true,"href":"https:\/\/palazzocarafadellaspina.it\/es\/wp-json\/wp\/v2\/comments?post=1934"}],"version-history":[{"count":3,"href":"https:\/\/palazzocarafadellaspina.it\/es\/wp-json\/wp\/v2\/pages\/1934\/revisions"}],"predecessor-version":[{"id":1959,"href":"https:\/\/palazzocarafadellaspina.it\/es\/wp-json\/wp\/v2\/pages\/1934\/revisions\/1959"}],"wp:attachment":[{"href":"https:\/\/palazzocarafadellaspina.it\/es\/wp-json\/wp\/v2\/media?parent=1934"}],"curies":[{"name":"wp","href":"https:\/\/api.w.org\/{rel}","templated":true}]}}