{"id":1944,"date":"2019-05-13T17:04:59","date_gmt":"2019-05-13T15:04:59","guid":{"rendered":"https:\/\/palazzocarafadellaspina.it\/about-us\/"},"modified":"2019-07-23T16:12:59","modified_gmt":"2019-07-23T14:12:59","slug":"acerca-de-nosotros","status":"publish","type":"page","link":"https:\/\/palazzocarafadellaspina.it\/es\/acerca-de-nosotros\/","title":{"rendered":"Acerca de Nosotros"},"content":{"rendered":"<p>[vc_row][vc_column][vc_custom_heading text=\u00bbAcerca de Nosotros\u00bb font_container=\u00bbtag:h1|font_size:65px|text_align:center|color:%23dd3333|line_height:65px\u00bb google_fonts=\u00bbfont_family:Great%20Vibes%3Aregular|font_style:400%20regular%3A400%3Anormal\u00bb][\/vc_column][\/vc_row][vc_row][vc_column][vc_separator color=\u00bbjuicy_pink\u00bb][\/vc_column][\/vc_row][vc_row][vc_column][vc_column_text]<\/p>\n<h1 lang=\"zxx\" style=\"text-align: center;\" align=\"center\"><span style=\"font-size: x-large;\"><b>B&amp;B PALAZZO CARAFA DELLA SPINA<\/b><\/span><\/h1>\n<div style=\"text-align: center;\">Hola, soy Salvatore,<\/div>\n<div style=\"text-align: center;\">\n<p>el propietario de los apartamentos <strong>\u00abPalazzo Carafa della Spina\u00bb<\/strong>. Junto con mi padre Michele y mi madre Donatella, hemos iniciado esta maravillosa aventura con nuestra actividad para difundir la belleza de esta ciudad \u00fanica. Hogar napolitano, donde la hospitalidad es sagrada.<\/p>\n<div>Se encuentra en el centro hist\u00f3rico, en el decumano inferior, <em>Spaccanapoli<\/em>, entre las plazas m\u00e1s bellas e importantes del panorama art\u00edstico y cultural de la ciudad antigua. <em>Piazza del Ges\u00f9<\/em>, con su magn\u00edfica iglesia que da nombre a la plaza y al g\u00f3tico <em>Monasterio de Santa Chiara<\/em>; <em>Saint Dominic Square<\/em> que, adem\u00e1s de su Complejo Monumental, da la bienvenida a artistas, artistas y m\u00fasicos de todo el mundo que adoran actuar aqu\u00ed. Est\u00e1s a un paso de la vida nocturna de la ciudad, <em>San Gregorio Armeno<\/em>.<\/div>\n<div>Justo afuera del edificio, est\u00e1s envuelto por la vitalidad, el color, los aromas de la ciudad que cuentan la historia, donde es solo tu meta, pero contin\u00faa en tu recuerda para siempre \u00bfQu\u00e9 podr\u00eda ser mejor que viajar? \u00a1Hazlo con tu familia o en compa\u00f1\u00eda! <em><strong>En Palazzo Carafa della Spina est\u00e1s en N\u00e1poles, \u00a1est\u00e1s en casa!<\/strong><\/em><\/div>\n<\/div>\n<p>[\/vc_column_text][\/vc_column][\/vc_row][vc_row][vc_column][vc_separator color=\u00bbjuicy_pink\u00bb][\/vc_column][\/vc_row]<\/p>\n","protected":false},"excerpt":{"rendered":"<p>[vc_row][vc_column][vc_custom_heading text=\u00bbAcerca de Nosotros\u00bb font_container=\u00bbtag:h1|font_size:65px|text_align:center|color:%23dd3333|line_height:65px\u00bb google_fonts=\u00bbfont_family:Great%20Vibes%3Aregular|font_style:400%20regular%3A400%3Anormal\u00bb][\/vc_column][\/vc_row][vc_row][vc_column][vc_separator color=\u00bbjuicy_pink\u00bb][\/vc_column][\/vc_row][vc_row][vc_column][vc_column_text] B&amp;B PALAZZO CARAFA DELLA SPINA Hola, soy Salvatore, el propietario de los apartamentos \u00abPalazzo Carafa della Spina\u00bb. Junto con mi padre Michele y mi madre Donatella, hemos iniciado esta maravillosa aventura con nuestra actividad para difundir la belleza de esta ciudad \u00fanica. Hogar napolitano, donde la hospitalidad es&hellip;<\/p>\n","protected":false},"author":1,"featured_media":0,"parent":0,"menu_order":0,"comment_status":"closed","ping_status":"closed","template":"","meta":{"footnotes":""},"class_list":["post-1944","page","type-page","status-publish","hentry","description-off"],"yoast_head":"<!-- This site is optimized with the Yoast SEO plugin v27.0 - https:\/\/yoast.com\/product\/yoast-seo-wordpress\/ -->\n<title>Acerca de Nosotros - Palazzo Carafa Della Spina<\/title>\n<meta name=\"robots\" content=\"index, follow, max-snippet:-1, max-image-preview:large, max-video-preview:-1\" \/>\n<link rel=\"canonical\" href=\"https:\/\/palazzocarafadellaspina.it\/es\/acerca-de-nosotros\/\" \/>\n<meta property=\"og:locale\" content=\"es_ES\" \/>\n<meta property=\"og:type\" content=\"article\" \/>\n<meta property=\"og:title\" content=\"Acerca de Nosotros - Palazzo Carafa Della Spina\" \/>\n<meta property=\"og:description\" content=\"[vc_row][vc_column][vc_custom_heading text=\u00bbAcerca de Nosotros\u00bb font_container=\u00bbtag:h1|font_size:65px|text_align:center|color:%23dd3333|line_height:65px\u00bb google_fonts=\u00bbfont_family:Great%20Vibes%3Aregular|font_style:400%20regular%3A400%3Anormal\u00bb][\/vc_column][\/vc_row][vc_row][vc_column][vc_separator color=\u00bbjuicy_pink\u00bb][\/vc_column][\/vc_row][vc_row][vc_column][vc_column_text] B&amp;B PALAZZO CARAFA DELLA SPINA Hola, soy Salvatore, el propietario de los apartamentos \u00abPalazzo Carafa della Spina\u00bb. Junto con mi padre Michele y mi madre Donatella, hemos iniciado esta maravillosa aventura con nuestra actividad para difundir la belleza de esta ciudad \u00fanica. Hogar napolitano, donde la hospitalidad es&hellip;\" \/>\n<meta property=\"og:url\" content=\"https:\/\/palazzocarafadellaspina.it\/es\/acerca-de-nosotros\/\" \/>\n<meta property=\"og:site_name\" content=\"Palazzo Carafa Della Spina\" \/>\n<meta property=\"article:modified_time\" content=\"2019-07-23T14:12:59+00:00\" \/>\n<meta name=\"twitter:card\" content=\"summary_large_image\" \/>\n<meta name=\"twitter:label1\" content=\"Tiempo de lectura\" \/>\n\t<meta name=\"twitter:data1\" content=\"1 minuto\" \/>\n<script type=\"application\/ld+json\" class=\"yoast-schema-graph\">{\"@context\":\"https:\/\/schema.org\",\"@graph\":[{\"@type\":\"WebPage\",\"@id\":\"https:\/\/palazzocarafadellaspina.it\/es\/acerca-de-nosotros\/\",\"url\":\"https:\/\/palazzocarafadellaspina.it\/es\/acerca-de-nosotros\/\",\"name\":\"Acerca de Nosotros - Palazzo Carafa Della Spina\",\"isPartOf\":{\"@id\":\"https:\/\/palazzocarafadellaspina.it\/es\/#website\"},\"datePublished\":\"2019-05-13T15:04:59+00:00\",\"dateModified\":\"2019-07-23T14:12:59+00:00\",\"breadcrumb\":{\"@id\":\"https:\/\/palazzocarafadellaspina.it\/es\/acerca-de-nosotros\/#breadcrumb\"},\"inLanguage\":\"es\",\"potentialAction\":[{\"@type\":\"ReadAction\",\"target\":[\"https:\/\/palazzocarafadellaspina.it\/es\/acerca-de-nosotros\/\"]}]},{\"@type\":\"BreadcrumbList\",\"@id\":\"https:\/\/palazzocarafadellaspina.it\/es\/acerca-de-nosotros\/#breadcrumb\",\"itemListElement\":[{\"@type\":\"ListItem\",\"position\":1,\"name\":\"Home\",\"item\":\"https:\/\/palazzocarafadellaspina.it\/es\/\"},{\"@type\":\"ListItem\",\"position\":2,\"name\":\"Acerca de Nosotros\"}]},{\"@type\":\"WebSite\",\"@id\":\"https:\/\/palazzocarafadellaspina.it\/es\/#website\",\"url\":\"https:\/\/palazzocarafadellaspina.it\/es\/\",\"name\":\"Palazzo Carafa Della Spina\",\"description\":\"Palazzo Carafa della Spina. I tuoi ricordi preziosi.\",\"publisher\":{\"@id\":\"https:\/\/palazzocarafadellaspina.it\/es\/#organization\"},\"potentialAction\":[{\"@type\":\"SearchAction\",\"target\":{\"@type\":\"EntryPoint\",\"urlTemplate\":\"https:\/\/palazzocarafadellaspina.it\/es\/?s={search_term_string}\"},\"query-input\":{\"@type\":\"PropertyValueSpecification\",\"valueRequired\":true,\"valueName\":\"search_term_string\"}}],\"inLanguage\":\"es\"},{\"@type\":\"Organization\",\"@id\":\"https:\/\/palazzocarafadellaspina.it\/es\/#organization\",\"name\":\"Palazzo Carafa della Spina\",\"url\":\"https:\/\/palazzocarafadellaspina.it\/es\/\",\"logo\":{\"@type\":\"ImageObject\",\"inLanguage\":\"es\",\"@id\":\"https:\/\/palazzocarafadellaspina.it\/es\/#\/schema\/logo\/image\/\",\"url\":\"https:\/\/palazzocarafadellaspina.it\/wp-content\/uploads\/2019\/05\/logo-88-scuro.png\",\"contentUrl\":\"https:\/\/palazzocarafadellaspina.it\/wp-content\/uploads\/2019\/05\/logo-88-scuro.png\",\"width\":88,\"height\":88,\"caption\":\"Palazzo Carafa della Spina\"},\"image\":{\"@id\":\"https:\/\/palazzocarafadellaspina.it\/es\/#\/schema\/logo\/image\/\"}}]}<\/script>\n<!-- \/ Yoast SEO plugin. -->","yoast_head_json":{"title":"Acerca de Nosotros - Palazzo Carafa Della Spina","robots":{"index":"index","follow":"follow","max-snippet":"max-snippet:-1","max-image-preview":"max-image-preview:large","max-video-preview":"max-video-preview:-1"},"canonical":"https:\/\/palazzocarafadellaspina.it\/es\/acerca-de-nosotros\/","og_locale":"es_ES","og_type":"article","og_title":"Acerca de Nosotros - Palazzo Carafa Della Spina","og_description":"[vc_row][vc_column][vc_custom_heading text=\u00bbAcerca de Nosotros\u00bb font_container=\u00bbtag:h1|font_size:65px|text_align:center|color:%23dd3333|line_height:65px\u00bb google_fonts=\u00bbfont_family:Great%20Vibes%3Aregular|font_style:400%20regular%3A400%3Anormal\u00bb][\/vc_column][\/vc_row][vc_row][vc_column][vc_separator color=\u00bbjuicy_pink\u00bb][\/vc_column][\/vc_row][vc_row][vc_column][vc_column_text] B&amp;B PALAZZO CARAFA DELLA SPINA Hola, soy Salvatore, el propietario de los apartamentos \u00abPalazzo Carafa della Spina\u00bb. Junto con mi padre Michele y mi madre Donatella, hemos iniciado esta maravillosa aventura con nuestra actividad para difundir la belleza de esta ciudad \u00fanica. Hogar napolitano, donde la hospitalidad es&hellip;","og_url":"https:\/\/palazzocarafadellaspina.it\/es\/acerca-de-nosotros\/","og_site_name":"Palazzo Carafa Della Spina","article_modified_time":"2019-07-23T14:12:59+00:00","twitter_card":"summary_large_image","twitter_misc":{"Tiempo de lectura":"1 minuto"},"schema":{"@context":"https:\/\/schema.org","@graph":[{"@type":"WebPage","@id":"https:\/\/palazzocarafadellaspina.it\/es\/acerca-de-nosotros\/","url":"https:\/\/palazzocarafadellaspina.it\/es\/acerca-de-nosotros\/","name":"Acerca de Nosotros - Palazzo Carafa Della Spina","isPartOf":{"@id":"https:\/\/palazzocarafadellaspina.it\/es\/#website"},"datePublished":"2019-05-13T15:04:59+00:00","dateModified":"2019-07-23T14:12:59+00:00","breadcrumb":{"@id":"https:\/\/palazzocarafadellaspina.it\/es\/acerca-de-nosotros\/#breadcrumb"},"inLanguage":"es","potentialAction":[{"@type":"ReadAction","target":["https:\/\/palazzocarafadellaspina.it\/es\/acerca-de-nosotros\/"]}]},{"@type":"BreadcrumbList","@id":"https:\/\/palazzocarafadellaspina.it\/es\/acerca-de-nosotros\/#breadcrumb","itemListElement":[{"@type":"ListItem","position":1,"name":"Home","item":"https:\/\/palazzocarafadellaspina.it\/es\/"},{"@type":"ListItem","position":2,"name":"Acerca de Nosotros"}]},{"@type":"WebSite","@id":"https:\/\/palazzocarafadellaspina.it\/es\/#website","url":"https:\/\/palazzocarafadellaspina.it\/es\/","name":"Palazzo Carafa Della Spina","description":"Palazzo Carafa della Spina. I tuoi ricordi preziosi.","publisher":{"@id":"https:\/\/palazzocarafadellaspina.it\/es\/#organization"},"potentialAction":[{"@type":"SearchAction","target":{"@type":"EntryPoint","urlTemplate":"https:\/\/palazzocarafadellaspina.it\/es\/?s={search_term_string}"},"query-input":{"@type":"PropertyValueSpecification","valueRequired":true,"valueName":"search_term_string"}}],"inLanguage":"es"},{"@type":"Organization","@id":"https:\/\/palazzocarafadellaspina.it\/es\/#organization","name":"Palazzo Carafa della Spina","url":"https:\/\/palazzocarafadellaspina.it\/es\/","logo":{"@type":"ImageObject","inLanguage":"es","@id":"https:\/\/palazzocarafadellaspina.it\/es\/#\/schema\/logo\/image\/","url":"https:\/\/palazzocarafadellaspina.it\/wp-content\/uploads\/2019\/05\/logo-88-scuro.png","contentUrl":"https:\/\/palazzocarafadellaspina.it\/wp-content\/uploads\/2019\/05\/logo-88-scuro.png","width":88,"height":88,"caption":"Palazzo Carafa della Spina"},"image":{"@id":"https:\/\/palazzocarafadellaspina.it\/es\/#\/schema\/logo\/image\/"}}]}},"_links":{"self":[{"href":"https:\/\/palazzocarafadellaspina.it\/es\/wp-json\/wp\/v2\/pages\/1944","targetHints":{"allow":["GET"]}}],"collection":[{"href":"https:\/\/palazzocarafadellaspina.it\/es\/wp-json\/wp\/v2\/pages"}],"about":[{"href":"https:\/\/palazzocarafadellaspina.it\/es\/wp-json\/wp\/v2\/types\/page"}],"author":[{"embeddable":true,"href":"https:\/\/palazzocarafadellaspina.it\/es\/wp-json\/wp\/v2\/users\/1"}],"replies":[{"embeddable":true,"href":"https:\/\/palazzocarafadellaspina.it\/es\/wp-json\/wp\/v2\/comments?post=1944"}],"version-history":[{"count":1,"href":"https:\/\/palazzocarafadellaspina.it\/es\/wp-json\/wp\/v2\/pages\/1944\/revisions"}],"predecessor-version":[{"id":1945,"href":"https:\/\/palazzocarafadellaspina.it\/es\/wp-json\/wp\/v2\/pages\/1944\/revisions\/1945"}],"wp:attachment":[{"href":"https:\/\/palazzocarafadellaspina.it\/es\/wp-json\/wp\/v2\/media?parent=1944"}],"curies":[{"name":"wp","href":"https:\/\/api.w.org\/{rel}","templated":true}]}}